{"id":24,"date":"2022-10-24T08:46:24","date_gmt":"2022-10-24T08:46:24","guid":{"rendered":"https:\/\/gff.ge\/under21\/?page_id=24"},"modified":"2022-11-22T07:54:49","modified_gmt":"2022-11-22T07:54:49","slug":"about-tournament","status":"publish","type":"page","link":"https:\/\/gff.ge\/under21\/en\/about-tournament\/","title":{"rendered":"About Tournament"},"content":{"rendered":"\t\t<div data-elementor-type=\"wp-page\" data-elementor-id=\"24\" class=\"elementor elementor-24\">\n\t\t\t\t\t\t\t\t\t<section class=\"elementor-section elementor-top-section elementor-element elementor-element-b9a6d16 elementor-section-boxed elementor-section-height-default elementor-section-height-default\" data-id=\"b9a6d16\" data-element_type=\"section\" data-settings=\"{&quot;background_background&quot;:&quot;classic&quot;}\">\n\t\t\t\t\t\t<div class=\"elementor-container elementor-column-gap-default\">\n\t\t\t\t\t<div class=\"elementor-column elementor-col-100 elementor-top-column elementor-element elementor-element-9f973d6\" data-id=\"9f973d6\" data-element_type=\"column\">\n\t\t\t<div class=\"elementor-widget-wrap elementor-element-populated\">\n\t\t\t\t\t\t\t\t<div class=\"elementor-element elementor-element-8cbdfd5 elementor-widget elementor-widget-heading\" data-id=\"8cbdfd5\" data-element_type=\"widget\" data-widget_type=\"heading.default\">\n\t\t\t\t<div class=\"elementor-widget-container\">\n\t\t\t<style>\/*! elementor - v3.7.8 - 02-10-2022 *\/\n.elementor-heading-title{padding:0;margin:0;line-height:1}.elementor-widget-heading .elementor-heading-title[class*=elementor-size-]>a{color:inherit;font-size:inherit;line-height:inherit}.elementor-widget-heading .elementor-heading-title.elementor-size-small{font-size:15px}.elementor-widget-heading .elementor-heading-title.elementor-size-medium{font-size:19px}.elementor-widget-heading .elementor-heading-title.elementor-size-large{font-size:29px}.elementor-widget-heading .elementor-heading-title.elementor-size-xl{font-size:39px}.elementor-widget-heading .elementor-heading-title.elementor-size-xxl{font-size:59px}<\/style><h2 class=\"elementor-heading-title elementor-size-default\">ABOUT TOURNAMENT<\/h2>\t\t<\/div>\n\t\t\t\t<\/div>\n\t\t\t\t\t<\/div>\n\t\t<\/div>\n\t\t\t\t\t\t\t<\/div>\n\t\t<\/section>\n\t\t\t\t<section class=\"elementor-section elementor-top-section elementor-element elementor-element-e576299 elementor-section-boxed elementor-section-height-default elementor-section-height-default\" data-id=\"e576299\" data-element_type=\"section\">\n\t\t\t\t\t\t<div class=\"elementor-container elementor-column-gap-default\">\n\t\t\t\t\t<div class=\"elementor-column elementor-col-100 elementor-top-column elementor-element elementor-element-ace2ba9\" data-id=\"ace2ba9\" data-element_type=\"column\">\n\t\t\t<div class=\"elementor-widget-wrap elementor-element-populated\">\n\t\t\t\t\t\t\t\t<div class=\"elementor-element elementor-element-e64308e elementor-widget elementor-widget-heading\" data-id=\"e64308e\" data-element_type=\"widget\" data-widget_type=\"heading.default\">\n\t\t\t\t<div class=\"elementor-widget-container\">\n\t\t\t<h2 class=\"elementor-heading-title elementor-size-default\">UEFA UNDER21 CHAMPIONSHIP 2023<\/h2>\t\t<\/div>\n\t\t\t\t<\/div>\n\t\t\t\t<div class=\"elementor-element elementor-element-ed97a78 elementor-widget elementor-widget-text-editor\" data-id=\"ed97a78\" data-element_type=\"widget\" data-widget_type=\"text-editor.default\">\n\t\t\t\t<div class=\"elementor-widget-container\">\n\t\t\t<style>\/*! elementor - v3.7.8 - 02-10-2022 *\/\n.elementor-widget-text-editor.elementor-drop-cap-view-stacked .elementor-drop-cap{background-color:#818a91;color:#fff}.elementor-widget-text-editor.elementor-drop-cap-view-framed .elementor-drop-cap{color:#818a91;border:3px solid;background-color:transparent}.elementor-widget-text-editor:not(.elementor-drop-cap-view-default) .elementor-drop-cap{margin-top:8px}.elementor-widget-text-editor:not(.elementor-drop-cap-view-default) .elementor-drop-cap-letter{width:1em;height:1em}.elementor-widget-text-editor .elementor-drop-cap{float:left;text-align:center;line-height:1;font-size:50px}.elementor-widget-text-editor .elementor-drop-cap-letter{display:inline-block}<\/style>\t\t\t\t<p><span lang=\"EN-GB\" xml:lang=\"EN-GB\">UEFA Under-21 European Championship was launched in 1976, and has been held every two years since then. Previously, international European youth championships were held at U-19 and U-23 levels in various formats between 1967 and 1976.<\/span><\/p><p><span lang=\"EN-GB\" xml:lang=\"EN-GB\">The age limit introduced for the 1976-78 competition is still in place today \u2013 players born in 2000 or later will take part in the 2023 final tournament, where some of them may already be 23 years old. According to the tournament regulations, if a player is 21 years of age or younger at the start of the qualifying campaign, he is eligible to participate in the finals.<\/span><\/p><p><span lang=\"EN-GB\" xml:lang=\"EN-GB\">Since 1992, the U-21 European Championship also acts as a qualifying event for the Summer Olympics. European countries will be competing for four places at the Olympics. Past participants include Luis Figo, Mesut \u00d6zil, Juan Mata, Gianluigi Buffon, Fabio Cannavaro, Iker Casillas, Mark Hately, Thiago Alcantara, Davor \u0160uker, Andrea Pirlo, Rudi V\u00f6ller, Laurent Blanc and others.<\/span><\/p><p><span lang=\"EN-GB\" xml:lang=\"EN-GB\">The 1980 edition of the U-21 European Championship was won by the Soviet Union team that included Georgians Vitali Daraselia and Ramaz Shengelia, the latter finishing the tournament as top scorer with 3 goals.\u00a0<\/span><\/p>\t\t\t\t\t\t<\/div>\n\t\t\t\t<\/div>\n\t\t\t\t<div class=\"elementor-element elementor-element-82e06b6 elementor-widget elementor-widget-heading\" data-id=\"82e06b6\" data-element_type=\"widget\" data-widget_type=\"heading.default\">\n\t\t\t\t<div class=\"elementor-widget-container\">\n\t\t\t<h2 class=\"elementor-heading-title elementor-size-default\">MEET THE UEFA EUROPEAN UNDER-21 CHAMPIONSHIP TROPHY\n<\/h2>\t\t<\/div>\n\t\t\t\t<\/div>\n\t\t\t\t<div class=\"elementor-element elementor-element-6ad3fd7 elementor-widget elementor-widget-image\" data-id=\"6ad3fd7\" data-element_type=\"widget\" data-widget_type=\"image.default\">\n\t\t\t\t<div class=\"elementor-widget-container\">\n\t\t\t<style>\/*! elementor - v3.7.8 - 02-10-2022 *\/\n.elementor-widget-image{text-align:center}.elementor-widget-image a{display:inline-block}.elementor-widget-image a img[src$=\".svg\"]{width:48px}.elementor-widget-image img{vertical-align:middle;display:inline-block}<\/style>\t\t\t\t\t\t\t\t\t\t\t\t<img decoding=\"async\" width=\"800\" height=\"503\" src=\"https:\/\/gff.ge\/under21\/wp-content\/uploads\/2022\/10\/Trophy-1024x644.jpeg\" class=\"attachment-large size-large\" alt=\"\" loading=\"lazy\" srcset=\"https:\/\/gff.ge\/under21\/wp-content\/uploads\/2022\/10\/Trophy-1024x644.jpeg 1024w, https:\/\/gff.ge\/under21\/wp-content\/uploads\/2022\/10\/Trophy-300x189.jpeg 300w, https:\/\/gff.ge\/under21\/wp-content\/uploads\/2022\/10\/Trophy-768x483.jpeg 768w, https:\/\/gff.ge\/under21\/wp-content\/uploads\/2022\/10\/Trophy.jpeg 1500w\" sizes=\"(max-width: 800px) 100vw, 800px\" \/>\t\t\t\t\t\t\t\t\t\t\t\t\t\t\t<\/div>\n\t\t\t\t<\/div>\n\t\t\t\t<div class=\"elementor-element elementor-element-3bf27e8 elementor-widget elementor-widget-text-editor\" data-id=\"3bf27e8\" data-element_type=\"widget\" data-widget_type=\"text-editor.default\">\n\t\t\t\t<div class=\"elementor-widget-container\">\n\t\t\t\t\t\t\t<p>Created by craftsmen on the Venetian island of Murano, the UEFA European Under-21 Championship trophy stands 60cm tall. The central glass vase is finished with brass, nickel, and 24-carat gold.<\/p><p>The original trophy, which is used for the official presentation ceremony at the final, remains in UEFA&#8217;s keeping at all times. A full-size replica is awarded to the winning association.<\/p><p>Each association that competes in the final tournament will receive a commemorative plaque, while 35 gold medals are presented to the winning team and 35 silver medals to the runners-up. The teams beaten in the semi-finals will each receive 35 bronze medals.<\/p>\t\t\t\t\t\t<\/div>\n\t\t\t\t<\/div>\n\t\t\t\t<div class=\"elementor-element elementor-element-6aff9a1 elementor-widget elementor-widget-image\" data-id=\"6aff9a1\" data-element_type=\"widget\" data-widget_type=\"image.default\">\n\t\t\t\t<div class=\"elementor-widget-container\">\n\t\t\t\t\t\t\t\t\t\t\t\t\t\t\t<img decoding=\"async\" width=\"800\" height=\"512\" src=\"https:\/\/gff.ge\/under21\/wp-content\/uploads\/2022\/10\/Trophy-2-1024x655.jpeg\" class=\"attachment-large size-large\" alt=\"\" loading=\"lazy\" srcset=\"https:\/\/gff.ge\/under21\/wp-content\/uploads\/2022\/10\/Trophy-2-1024x655.jpeg 1024w, https:\/\/gff.ge\/under21\/wp-content\/uploads\/2022\/10\/Trophy-2-300x192.jpeg 300w, https:\/\/gff.ge\/under21\/wp-content\/uploads\/2022\/10\/Trophy-2-768x491.jpeg 768w, https:\/\/gff.ge\/under21\/wp-content\/uploads\/2022\/10\/Trophy-2.jpeg 1500w\" sizes=\"(max-width: 800px) 100vw, 800px\" \/>\t\t\t\t\t\t\t\t\t\t\t\t\t\t\t<\/div>\n\t\t\t\t<\/div>\n\t\t\t\t\t<\/div>\n\t\t<\/div>\n\t\t\t\t\t\t\t<\/div>\n\t\t<\/section>\n\t\t\t\t<section class=\"elementor-section elementor-top-section elementor-element elementor-element-113b3ed elementor-section-boxed elementor-section-height-default elementor-section-height-default\" data-id=\"113b3ed\" data-element_type=\"section\">\n\t\t\t\t\t\t<div class=\"elementor-container elementor-column-gap-default\">\n\t\t\t\t\t<div class=\"elementor-column elementor-col-100 elementor-top-column elementor-element elementor-element-8175999\" data-id=\"8175999\" data-element_type=\"column\">\n\t\t\t<div class=\"elementor-widget-wrap elementor-element-populated\">\n\t\t\t\t\t\t\t\t<div class=\"elementor-element elementor-element-013b4f2 elementor-widget elementor-widget-template\" data-id=\"013b4f2\" data-element_type=\"widget\" data-widget_type=\"template.default\">\n\t\t\t\t<div class=\"elementor-widget-container\">\n\t\t\t\t\t<div class=\"elementor-template\">\n\t\t\t\t\t<div data-elementor-type=\"section\" data-elementor-id=\"1425\" class=\"elementor elementor-1425\">\n\t\t\t\t\t\t\t\t<section class=\"elementor-section elementor-top-section elementor-element elementor-element-cb9ad57 elementor-section-boxed elementor-section-height-default elementor-section-height-default\" data-id=\"cb9ad57\" data-element_type=\"section\">\n\t\t\t\t\t\t<div class=\"elementor-container elementor-column-gap-default\">\n\t\t\t\t\t<div class=\"elementor-column elementor-col-100 elementor-top-column elementor-element elementor-element-726d872\" data-id=\"726d872\" data-element_type=\"column\">\n\t\t\t<div class=\"elementor-widget-wrap elementor-element-populated\">\n\t\t\t\t\t\t\t\t<div class=\"elementor-element elementor-element-9317fe5 elementor-widget elementor-widget-image\" data-id=\"9317fe5\" data-element_type=\"widget\" data-widget_type=\"image.default\">\n\t\t\t\t<div class=\"elementor-widget-container\">\n\t\t\t\t\t\t\t\t\t\t\t\t\t\t\t<img decoding=\"async\" width=\"1216\" height=\"196\" src=\"https:\/\/gff.ge\/under21\/wp-content\/uploads\/2022\/10\/banner.jpg\" class=\"attachment-full size-full\" alt=\"\" loading=\"lazy\" srcset=\"https:\/\/gff.ge\/under21\/wp-content\/uploads\/2022\/10\/banner.jpg 1216w, https:\/\/gff.ge\/under21\/wp-content\/uploads\/2022\/10\/banner-300x48.jpg 300w, https:\/\/gff.ge\/under21\/wp-content\/uploads\/2022\/10\/banner-1024x165.jpg 1024w, https:\/\/gff.ge\/under21\/wp-content\/uploads\/2022\/10\/banner-768x124.jpg 768w\" sizes=\"(max-width: 1216px) 100vw, 1216px\" \/>\t\t\t\t\t\t\t\t\t\t\t\t\t\t\t<\/div>\n\t\t\t\t<\/div>\n\t\t\t\t\t<\/div>\n\t\t<\/div>\n\t\t\t\t\t\t\t<\/div>\n\t\t<\/section>\n\t\t\t\t<section class=\"elementor-section elementor-top-section elementor-element elementor-element-4d8d007 elementor-section-boxed elementor-section-height-default elementor-section-height-default\" data-id=\"4d8d007\" data-element_type=\"section\">\n\t\t\t\t\t\t<div class=\"elementor-container elementor-column-gap-default\">\n\t\t\t\t\t<div class=\"elementor-column elementor-col-100 elementor-top-column elementor-element elementor-element-2509d91\" data-id=\"2509d91\" data-element_type=\"column\">\n\t\t\t<div class=\"elementor-widget-wrap elementor-element-populated\">\n\t\t\t\t\t\t\t\t<div class=\"elementor-element elementor-element-9c1517e elementor-widget elementor-widget-heading\" data-id=\"9c1517e\" data-element_type=\"widget\" data-widget_type=\"heading.default\">\n\t\t\t\t<div class=\"elementor-widget-container\">\n\t\t\t<h2 class=\"elementor-heading-title elementor-size-default\">OFFICIAL SPONSORS<\/h2>\t\t<\/div>\n\t\t\t\t<\/div>\n\t\t\t\t<div class=\"elementor-element elementor-element-872e300 elementor-widget elementor-widget-image\" data-id=\"872e300\" data-element_type=\"widget\" data-widget_type=\"image.default\">\n\t\t\t\t<div class=\"elementor-widget-container\">\n\t\t\t\t\t\t\t\t\t\t\t\t\t\t\t<img decoding=\"async\" width=\"768\" height=\"206\" src=\"https:\/\/gff.ge\/under21\/wp-content\/uploads\/2022\/11\/U21_SRP_1_Digital_GEO_01-768x206.png\" class=\"attachment-medium_large size-medium_large\" alt=\"\" loading=\"lazy\" srcset=\"https:\/\/gff.ge\/under21\/wp-content\/uploads\/2022\/11\/U21_SRP_1_Digital_GEO_01-768x206.png 768w, https:\/\/gff.ge\/under21\/wp-content\/uploads\/2022\/11\/U21_SRP_1_Digital_GEO_01-300x81.png 300w, https:\/\/gff.ge\/under21\/wp-content\/uploads\/2022\/11\/U21_SRP_1_Digital_GEO_01-1024x275.png 1024w, https:\/\/gff.ge\/under21\/wp-content\/uploads\/2022\/11\/U21_SRP_1_Digital_GEO_01-1536x412.png 1536w, https:\/\/gff.ge\/under21\/wp-content\/uploads\/2022\/11\/U21_SRP_1_Digital_GEO_01.png 1676w\" sizes=\"(max-width: 768px) 100vw, 768px\" \/>\t\t\t\t\t\t\t\t\t\t\t\t\t\t\t<\/div>\n\t\t\t\t<\/div>\n\t\t\t\t\t<\/div>\n\t\t<\/div>\n\t\t\t\t\t\t\t<\/div>\n\t\t<\/section>\n\t\t\t\t\t\t<\/div>\n\t\t\t\t<\/div>\n\t\t\t\t<\/div>\n\t\t\t\t<\/div>\n\t\t\t\t\t<\/div>\n\t\t<\/div>\n\t\t\t\t\t\t\t<\/div>\n\t\t<\/section>\n\t\t\t\t\t\t\t<\/div>\n\t\t","protected":false},"excerpt":{"rendered":"<p>ABOUT TOURNAMENT UEFA UNDER21 CHAMPIONSHIP 2023 UEFA Under-21 European Championship was launched in 1976, and has been held every two years since then. Previously, international European youth championships were held at U-19 and U-23 levels in various formats between 1967 and 1976. The age limit introduced for the 1976-78 competition is still in place today [&hellip;]<\/p>\n","protected":false},"author":1,"featured_media":0,"parent":0,"menu_order":0,"comment_status":"closed","ping_status":"closed","template":"","meta":{"inline_featured_image":false},"yoast_head":"<!-- This site is optimized with the Yoast SEO plugin v19.9 - https:\/\/yoast.com\/wordpress\/plugins\/seo\/ -->\n<title>About Tournament - U21 EURO 2023<\/title>\n<meta name=\"robots\" content=\"index, follow, max-snippet:-1, max-image-preview:large, max-video-preview:-1\" \/>\n<link rel=\"canonical\" href=\"https:\/\/gff.ge\/under21\/en\/about-tournament\/\" \/>\n<meta property=\"og:locale\" content=\"en_US\" \/>\n<meta property=\"og:type\" content=\"article\" \/>\n<meta property=\"og:title\" content=\"About Tournament - U21 EURO 2023\" \/>\n<meta property=\"og:description\" content=\"ABOUT TOURNAMENT UEFA UNDER21 CHAMPIONSHIP 2023 UEFA Under-21 European Championship was launched in 1976, and has been held every two years since then. Previously, international European youth championships were held at U-19 and U-23 levels in various formats between 1967 and 1976. The age limit introduced for the 1976-78 competition is still in place today [&hellip;]\" \/>\n<meta property=\"og:url\" content=\"https:\/\/gff.ge\/under21\/en\/about-tournament\/\" \/>\n<meta property=\"og:site_name\" content=\"U21 EURO 2023\" \/>\n<meta property=\"article:modified_time\" content=\"2022-11-22T07:54:49+00:00\" \/>\n<meta property=\"og:image\" content=\"https:\/\/gff.ge\/under21\/wp-content\/uploads\/2022\/10\/Trophy-1024x644.jpeg\" \/>\n<meta name=\"twitter:card\" content=\"summary_large_image\" \/>\n<meta name=\"twitter:label1\" content=\"Est. reading time\" \/>\n\t<meta name=\"twitter:data1\" content=\"3 minutes\" \/>\n<script type=\"application\/ld+json\" class=\"yoast-schema-graph\">{\"@context\":\"https:\/\/schema.org\",\"@graph\":[{\"@type\":\"WebPage\",\"@id\":\"https:\/\/gff.ge\/under21\/en\/about-tournament\/\",\"url\":\"https:\/\/gff.ge\/under21\/en\/about-tournament\/\",\"name\":\"About Tournament - U21 EURO 2023\",\"isPartOf\":{\"@id\":\"https:\/\/gff.ge\/under21\/#website\"},\"datePublished\":\"2022-10-24T08:46:24+00:00\",\"dateModified\":\"2022-11-22T07:54:49+00:00\",\"breadcrumb\":{\"@id\":\"https:\/\/gff.ge\/under21\/en\/about-tournament\/#breadcrumb\"},\"inLanguage\":\"en-US\",\"potentialAction\":[{\"@type\":\"ReadAction\",\"target\":[\"https:\/\/gff.ge\/under21\/en\/about-tournament\/\"]}]},{\"@type\":\"BreadcrumbList\",\"@id\":\"https:\/\/gff.ge\/under21\/en\/about-tournament\/#breadcrumb\",\"itemListElement\":[{\"@type\":\"ListItem\",\"position\":1,\"name\":\"Home\",\"item\":\"https:\/\/gff.ge\/under21\/en\/home\/\"},{\"@type\":\"ListItem\",\"position\":2,\"name\":\"About Tournament\"}]},{\"@type\":\"WebSite\",\"@id\":\"https:\/\/gff.ge\/under21\/#website\",\"url\":\"https:\/\/gff.ge\/under21\/\",\"name\":\"U21 EURO 2023\",\"description\":\"Georgia\",\"publisher\":{\"@id\":\"https:\/\/gff.ge\/under21\/#organization\"},\"potentialAction\":[{\"@type\":\"SearchAction\",\"target\":{\"@type\":\"EntryPoint\",\"urlTemplate\":\"https:\/\/gff.ge\/under21\/?s={search_term_string}\"},\"query-input\":\"required name=search_term_string\"}],\"inLanguage\":\"en-US\"},{\"@type\":\"Organization\",\"@id\":\"https:\/\/gff.ge\/under21\/#organization\",\"name\":\"U21 EURO 2023\",\"url\":\"https:\/\/gff.ge\/under21\/\",\"logo\":{\"@type\":\"ImageObject\",\"inLanguage\":\"en-US\",\"@id\":\"https:\/\/gff.ge\/under21\/#\/schema\/logo\/image\/\",\"url\":\"https:\/\/gff.ge\/under21\/wp-content\/uploads\/2022\/10\/u21-logo.svg\",\"contentUrl\":\"https:\/\/gff.ge\/under21\/wp-content\/uploads\/2022\/10\/u21-logo.svg\",\"width\":125,\"height\":46,\"caption\":\"U21 EURO 2023\"},\"image\":{\"@id\":\"https:\/\/gff.ge\/under21\/#\/schema\/logo\/image\/\"}}]}<\/script>\n<!-- \/ Yoast SEO plugin. -->","yoast_head_json":{"title":"About Tournament - U21 EURO 2023","robots":{"index":"index","follow":"follow","max-snippet":"max-snippet:-1","max-image-preview":"max-image-preview:large","max-video-preview":"max-video-preview:-1"},"canonical":"https:\/\/gff.ge\/under21\/en\/about-tournament\/","og_locale":"en_US","og_type":"article","og_title":"About Tournament - U21 EURO 2023","og_description":"ABOUT TOURNAMENT UEFA UNDER21 CHAMPIONSHIP 2023 UEFA Under-21 European Championship was launched in 1976, and has been held every two years since then. Previously, international European youth championships were held at U-19 and U-23 levels in various formats between 1967 and 1976. The age limit introduced for the 1976-78 competition is still in place today [&hellip;]","og_url":"https:\/\/gff.ge\/under21\/en\/about-tournament\/","og_site_name":"U21 EURO 2023","article_modified_time":"2022-11-22T07:54:49+00:00","og_image":[{"url":"https:\/\/gff.ge\/under21\/wp-content\/uploads\/2022\/10\/Trophy-1024x644.jpeg"}],"twitter_card":"summary_large_image","twitter_misc":{"Est. reading time":"3 minutes"},"schema":{"@context":"https:\/\/schema.org","@graph":[{"@type":"WebPage","@id":"https:\/\/gff.ge\/under21\/en\/about-tournament\/","url":"https:\/\/gff.ge\/under21\/en\/about-tournament\/","name":"About Tournament - U21 EURO 2023","isPartOf":{"@id":"https:\/\/gff.ge\/under21\/#website"},"datePublished":"2022-10-24T08:46:24+00:00","dateModified":"2022-11-22T07:54:49+00:00","breadcrumb":{"@id":"https:\/\/gff.ge\/under21\/en\/about-tournament\/#breadcrumb"},"inLanguage":"en-US","potentialAction":[{"@type":"ReadAction","target":["https:\/\/gff.ge\/under21\/en\/about-tournament\/"]}]},{"@type":"BreadcrumbList","@id":"https:\/\/gff.ge\/under21\/en\/about-tournament\/#breadcrumb","itemListElement":[{"@type":"ListItem","position":1,"name":"Home","item":"https:\/\/gff.ge\/under21\/en\/home\/"},{"@type":"ListItem","position":2,"name":"About Tournament"}]},{"@type":"WebSite","@id":"https:\/\/gff.ge\/under21\/#website","url":"https:\/\/gff.ge\/under21\/","name":"U21 EURO 2023","description":"Georgia","publisher":{"@id":"https:\/\/gff.ge\/under21\/#organization"},"potentialAction":[{"@type":"SearchAction","target":{"@type":"EntryPoint","urlTemplate":"https:\/\/gff.ge\/under21\/?s={search_term_string}"},"query-input":"required name=search_term_string"}],"inLanguage":"en-US"},{"@type":"Organization","@id":"https:\/\/gff.ge\/under21\/#organization","name":"U21 EURO 2023","url":"https:\/\/gff.ge\/under21\/","logo":{"@type":"ImageObject","inLanguage":"en-US","@id":"https:\/\/gff.ge\/under21\/#\/schema\/logo\/image\/","url":"https:\/\/gff.ge\/under21\/wp-content\/uploads\/2022\/10\/u21-logo.svg","contentUrl":"https:\/\/gff.ge\/under21\/wp-content\/uploads\/2022\/10\/u21-logo.svg","width":125,"height":46,"caption":"U21 EURO 2023"},"image":{"@id":"https:\/\/gff.ge\/under21\/#\/schema\/logo\/image\/"}}]}},"_links":{"self":[{"href":"https:\/\/gff.ge\/under21\/wp-json\/wp\/v2\/pages\/24"}],"collection":[{"href":"https:\/\/gff.ge\/under21\/wp-json\/wp\/v2\/pages"}],"about":[{"href":"https:\/\/gff.ge\/under21\/wp-json\/wp\/v2\/types\/page"}],"author":[{"embeddable":true,"href":"https:\/\/gff.ge\/under21\/wp-json\/wp\/v2\/users\/1"}],"replies":[{"embeddable":true,"href":"https:\/\/gff.ge\/under21\/wp-json\/wp\/v2\/comments?post=24"}],"version-history":[{"count":37,"href":"https:\/\/gff.ge\/under21\/wp-json\/wp\/v2\/pages\/24\/revisions"}],"predecessor-version":[{"id":2635,"href":"https:\/\/gff.ge\/under21\/wp-json\/wp\/v2\/pages\/24\/revisions\/2635"}],"wp:attachment":[{"href":"https:\/\/gff.ge\/under21\/wp-json\/wp\/v2\/media?parent=24"}],"curies":[{"name":"wp","href":"https:\/\/api.w.org\/{rel}","templated":true}]}}